{"id":1127,"date":"2022-11-03T14:42:41","date_gmt":"2022-11-03T14:42:41","guid":{"rendered":"https:\/\/riocafe.co.uk\/about-us\/"},"modified":"2023-10-23T16:15:07","modified_gmt":"2023-10-23T15:15:07","slug":"about-us","status":"publish","type":"page","link":"https:\/\/riocafe.co.uk\/es\/about-us\/","title":{"rendered":"About us"},"content":{"rendered":"\n<div class=\"wp-block-columns is-layout-flex wp-container-core-columns-is-layout-9d6595d7 wp-block-columns-is-layout-flex\">\n<div class=\"wp-block-column is-layout-flow wp-block-column-is-layout-flow\">\n<p>Resolvemos trazer um pouco do Brasil para pertinho da sua casa, se voc\u00ea tem saudade de tudo que tinha no Brasil, agora mais do qe nunca voc\u00ea pode comprar v\u00e1rios produtos feitos exclusivamente no Brasil aqui em Londres e com o melhor pre\u00e7o da regi\u00e3o.<\/p>\n\n\n\n<ul class=\"wp-block-list\">\n<li>Alguns de nossos servi\u00e7os:<\/li>\n\n\n\n<li>Internet<\/li>\n\n\n\n<li>Impress\u00f5es<\/li>\n\n\n\n<li>Speedfast Money Transfer<\/li>\n\n\n\n<li>Salgados<\/li>\n\n\n\n<li>Produtos Brasileiros e Portugues em geral<\/li>\n\n\n\n<li>e muito mais&#8230;..<\/li>\n<\/ul>\n<\/div>\n\n\n\n<div class=\"wp-block-column is-layout-flow wp-block-column-is-layout-flow\">\n<p><strong>Rio The Internet Cafe<\/strong><br>130 Commercial Rd, Bournemouth, BH2 5LT<\/p>\n\n\n\n<p>Segunda \u00e0 sexta 9am as 6pm<br>S\u00e1bado 10hs as 17hs<br>Domingo Fechado<\/p>\n\n\n\n<iframe loading=\"lazy\" style=\"border: 0;\" src=\"https:\/\/www.google.com\/maps\/embed?pb=!1m14!1m8!1m3!1d631.5049167532858!2d-1.8849881999999527!3d50.7195743!3m2!1i1024!2i768!4f13.1!3m3!1m2!1s0x4873a1b89142cd23%3A0x425b4593930374f6!2s130+Commercial+Rd%2C+Bournemouth+BH2+5LT!5e0!3m2!1sen!2suk!4v1558532966107!5m2!1sen!2suk\" width=\"600\" height=\"450\" frameborder=\"0\" allowfullscreen=\"allowfullscreen\"><\/iframe>\n<\/div>\n<\/div>\n","protected":false},"excerpt":{"rendered":"<p>Resolvemos trazer um pouco do Brasil para pertinho da sua casa, se voc\u00ea tem saudade de tudo que tinha no Brasil, agora mais do qe nunca voc\u00ea pode comprar v\u00e1rios produtos feitos exclusivamente no Brasil aqui em Londres e com o melhor pre\u00e7o da regi\u00e3o. Rio The Internet Cafe130 Commercial Rd, Bournemouth, BH2 5LT Segunda [&hellip;]<\/p>\n","protected":false},"author":1,"featured_media":0,"parent":0,"menu_order":0,"comment_status":"closed","ping_status":"closed","template":"","meta":{"footnotes":""},"class_list":["post-1127","page","type-page","status-publish","hentry"],"_links":{"self":[{"href":"https:\/\/riocafe.co.uk\/es\/wp-json\/wp\/v2\/pages\/1127","targetHints":{"allow":["GET"]}}],"collection":[{"href":"https:\/\/riocafe.co.uk\/es\/wp-json\/wp\/v2\/pages"}],"about":[{"href":"https:\/\/riocafe.co.uk\/es\/wp-json\/wp\/v2\/types\/page"}],"author":[{"embeddable":true,"href":"https:\/\/riocafe.co.uk\/es\/wp-json\/wp\/v2\/users\/1"}],"replies":[{"embeddable":true,"href":"https:\/\/riocafe.co.uk\/es\/wp-json\/wp\/v2\/comments?post=1127"}],"version-history":[{"count":4,"href":"https:\/\/riocafe.co.uk\/es\/wp-json\/wp\/v2\/pages\/1127\/revisions"}],"predecessor-version":[{"id":1605,"href":"https:\/\/riocafe.co.uk\/es\/wp-json\/wp\/v2\/pages\/1127\/revisions\/1605"}],"wp:attachment":[{"href":"https:\/\/riocafe.co.uk\/es\/wp-json\/wp\/v2\/media?parent=1127"}],"curies":[{"name":"wp","href":"https:\/\/api.w.org\/{rel}","templated":true}]}}